{"id":2491,"date":"2024-06-24T16:14:34","date_gmt":"2024-06-24T20:14:34","guid":{"rendered":"https:\/\/restaurantlexpress.com\/jobs\/"},"modified":"2024-06-24T22:13:46","modified_gmt":"2024-06-25T02:13:46","slug":"jobs","status":"publish","type":"page","link":"https:\/\/restaurantlexpress.com\/en\/jobs\/","title":{"rendered":"Jobs"},"content":{"rendered":"\n<p><a href=\"https:\/\/restaurantlexpress.com\/en\">&lt;\u00a0Back to main site<\/a><\/p>\n\n<div style=\"height:51px\" aria-hidden=\"true\" class=\"wp-block-spacer\"><\/div>\n\n<p>We&#8217;re always on the lookout for talented, motivated people to join our team and provide our customers with an exceptional experience. We may have the perfect opportunity for you. We believe in the importance of every member of our staff and are committed to providing a stimulating and respectful working environment.<\/p>\n\n<p>To apply, please fill in the form below with your personal details, professional experience and availability. We encourage you to be as detailed as possible so that we can better understand your background and aspirations.<\/p>\n\n<p>Thank you for your interest in joining our team. We look forward to hearing from you and, perhaps, welcoming you soon.<\/p>\n\n<div style=\"height:40px\" aria-hidden=\"true\" class=\"wp-block-spacer\"><\/div>\n\n<div class=\"wp-block-contact-form-7-contact-form-selector\"><p class=\"wpcf7-contact-form-not-found\"><strong>Error:<\/strong> Contact form not found.<\/p><\/div>\n","protected":false},"excerpt":{"rendered":"<p>&lt;\u00a0Back to main site We&#8217;re always on the lookout for talented, motivated people to join our team and provide our customers with an exceptional experience. We may have the perfect opportunity for you. We believe in the importance of every member of our staff and are committed to providing a stimulating and respectful working environment. [&hellip;]<\/p>\n","protected":false},"author":1,"featured_media":0,"parent":0,"menu_order":0,"comment_status":"closed","ping_status":"closed","template":"","meta":{"_acf_changed":false,"footnotes":""},"class_list":["post-2491","page","type-page","status-publish","hentry"],"acf":[],"yoast_head":"<!-- This site is optimized with the Yoast SEO plugin v27.1.1 - https:\/\/yoast.com\/product\/yoast-seo-wordpress\/ -->\n<title>Jobs - Restaurant l&#039;Express<\/title>\n<meta name=\"robots\" content=\"index, follow, max-snippet:-1, max-image-preview:large, max-video-preview:-1\" \/>\n<link rel=\"canonical\" href=\"https:\/\/restaurantlexpress.com\/en\/jobs\/\" \/>\n<meta property=\"og:locale\" content=\"en_US\" \/>\n<meta property=\"og:type\" content=\"article\" \/>\n<meta property=\"og:title\" content=\"Jobs - Restaurant l&#039;Express\" \/>\n<meta property=\"og:description\" content=\"&lt;\u00a0Back to main site We&#8217;re always on the lookout for talented, motivated people to join our team and provide our customers with an exceptional experience. We may have the perfect opportunity for you. We believe in the importance of every member of our staff and are committed to providing a stimulating and respectful working environment. [&hellip;]\" \/>\n<meta property=\"og:url\" content=\"https:\/\/restaurantlexpress.com\/en\/jobs\/\" \/>\n<meta property=\"og:site_name\" content=\"Restaurant l&#039;Express\" \/>\n<meta property=\"article:modified_time\" content=\"2024-06-25T02:13:46+00:00\" \/>\n<meta name=\"twitter:card\" content=\"summary_large_image\" \/>\n<meta name=\"twitter:label1\" content=\"Est. reading time\" \/>\n\t<meta name=\"twitter:data1\" content=\"1 minute\" \/>\n<script type=\"application\/ld+json\" class=\"yoast-schema-graph\">{\"@context\":\"https:\/\/schema.org\",\"@graph\":[{\"@type\":\"WebPage\",\"@id\":\"https:\/\/restaurantlexpress.com\/en\/jobs\/\",\"url\":\"https:\/\/restaurantlexpress.com\/en\/jobs\/\",\"name\":\"Jobs - Restaurant l&#039;Express\",\"isPartOf\":{\"@id\":\"https:\/\/restaurantlexpress.com\/en\/#website\"},\"datePublished\":\"2024-06-24T20:14:34+00:00\",\"dateModified\":\"2024-06-25T02:13:46+00:00\",\"breadcrumb\":{\"@id\":\"https:\/\/restaurantlexpress.com\/en\/jobs\/#breadcrumb\"},\"inLanguage\":\"en-US\",\"potentialAction\":[{\"@type\":\"ReadAction\",\"target\":[\"https:\/\/restaurantlexpress.com\/en\/jobs\/\"]}]},{\"@type\":\"BreadcrumbList\",\"@id\":\"https:\/\/restaurantlexpress.com\/en\/jobs\/#breadcrumb\",\"itemListElement\":[{\"@type\":\"ListItem\",\"position\":1,\"name\":\"Home\",\"item\":\"https:\/\/restaurantlexpress.com\/en\/\"},{\"@type\":\"ListItem\",\"position\":2,\"name\":\"Jobs\"}]},{\"@type\":\"WebSite\",\"@id\":\"https:\/\/restaurantlexpress.com\/en\/#website\",\"url\":\"https:\/\/restaurantlexpress.com\/en\/\",\"name\":\"Restaurant l&#039;Express\",\"description\":\"Bistro fran\u00e7ais tr\u00e8s r\u00e9put\u00e9 sur le Plateau Mont-Royal \u00e0 Montr\u00e9al.\",\"potentialAction\":[{\"@type\":\"SearchAction\",\"target\":{\"@type\":\"EntryPoint\",\"urlTemplate\":\"https:\/\/restaurantlexpress.com\/en\/?s={search_term_string}\"},\"query-input\":{\"@type\":\"PropertyValueSpecification\",\"valueRequired\":true,\"valueName\":\"search_term_string\"}}],\"inLanguage\":\"en-US\"}]}<\/script>\n<!-- \/ Yoast SEO plugin. -->","yoast_head_json":{"title":"Jobs - Restaurant l&#039;Express","robots":{"index":"index","follow":"follow","max-snippet":"max-snippet:-1","max-image-preview":"max-image-preview:large","max-video-preview":"max-video-preview:-1"},"canonical":"https:\/\/restaurantlexpress.com\/en\/jobs\/","og_locale":"en_US","og_type":"article","og_title":"Jobs - Restaurant l&#039;Express","og_description":"&lt;\u00a0Back to main site We&#8217;re always on the lookout for talented, motivated people to join our team and provide our customers with an exceptional experience. We may have the perfect opportunity for you. We believe in the importance of every member of our staff and are committed to providing a stimulating and respectful working environment. [&hellip;]","og_url":"https:\/\/restaurantlexpress.com\/en\/jobs\/","og_site_name":"Restaurant l&#039;Express","article_modified_time":"2024-06-25T02:13:46+00:00","twitter_card":"summary_large_image","twitter_misc":{"Est. reading time":"1 minute"},"schema":{"@context":"https:\/\/schema.org","@graph":[{"@type":"WebPage","@id":"https:\/\/restaurantlexpress.com\/en\/jobs\/","url":"https:\/\/restaurantlexpress.com\/en\/jobs\/","name":"Jobs - Restaurant l&#039;Express","isPartOf":{"@id":"https:\/\/restaurantlexpress.com\/en\/#website"},"datePublished":"2024-06-24T20:14:34+00:00","dateModified":"2024-06-25T02:13:46+00:00","breadcrumb":{"@id":"https:\/\/restaurantlexpress.com\/en\/jobs\/#breadcrumb"},"inLanguage":"en-US","potentialAction":[{"@type":"ReadAction","target":["https:\/\/restaurantlexpress.com\/en\/jobs\/"]}]},{"@type":"BreadcrumbList","@id":"https:\/\/restaurantlexpress.com\/en\/jobs\/#breadcrumb","itemListElement":[{"@type":"ListItem","position":1,"name":"Home","item":"https:\/\/restaurantlexpress.com\/en\/"},{"@type":"ListItem","position":2,"name":"Jobs"}]},{"@type":"WebSite","@id":"https:\/\/restaurantlexpress.com\/en\/#website","url":"https:\/\/restaurantlexpress.com\/en\/","name":"Restaurant l&#039;Express","description":"Bistro fran\u00e7ais tr\u00e8s r\u00e9put\u00e9 sur le Plateau Mont-Royal \u00e0 Montr\u00e9al.","potentialAction":[{"@type":"SearchAction","target":{"@type":"EntryPoint","urlTemplate":"https:\/\/restaurantlexpress.com\/en\/?s={search_term_string}"},"query-input":{"@type":"PropertyValueSpecification","valueRequired":true,"valueName":"search_term_string"}}],"inLanguage":"en-US"}]}},"_links":{"self":[{"href":"https:\/\/restaurantlexpress.com\/en\/wp-json\/wp\/v2\/pages\/2491","targetHints":{"allow":["GET"]}}],"collection":[{"href":"https:\/\/restaurantlexpress.com\/en\/wp-json\/wp\/v2\/pages"}],"about":[{"href":"https:\/\/restaurantlexpress.com\/en\/wp-json\/wp\/v2\/types\/page"}],"author":[{"embeddable":true,"href":"https:\/\/restaurantlexpress.com\/en\/wp-json\/wp\/v2\/users\/1"}],"replies":[{"embeddable":true,"href":"https:\/\/restaurantlexpress.com\/en\/wp-json\/wp\/v2\/comments?post=2491"}],"version-history":[{"count":4,"href":"https:\/\/restaurantlexpress.com\/en\/wp-json\/wp\/v2\/pages\/2491\/revisions"}],"predecessor-version":[{"id":2516,"href":"https:\/\/restaurantlexpress.com\/en\/wp-json\/wp\/v2\/pages\/2491\/revisions\/2516"}],"wp:attachment":[{"href":"https:\/\/restaurantlexpress.com\/en\/wp-json\/wp\/v2\/media?parent=2491"}],"curies":[{"name":"wp","href":"https:\/\/api.w.org\/{rel}","templated":true}]}}